{"id":485,"date":"2025-09-14T17:48:20","date_gmt":"2025-09-14T15:48:20","guid":{"rendered":"https:\/\/taekwondo.ksv-ajax.berlin\/?page_id=485"},"modified":"2025-09-14T17:49:52","modified_gmt":"2025-09-14T15:49:52","slug":"trainingszeiten-ort","status":"publish","type":"page","link":"https:\/\/taekwondo.ksv-ajax.berlin\/index.php\/trainingszeiten-ort\/","title":{"rendered":"Trainingszeiten\/Ort"},"content":{"rendered":"\t\t<div data-elementor-type=\"wp-page\" data-elementor-id=\"485\" class=\"elementor elementor-485\">\n\t\t\t\t<div class=\"elementor-element elementor-element-5d607b92 e-flex e-con-boxed e-con e-parent\" data-id=\"5d607b92\" data-element_type=\"container\">\n\t\t\t\t\t<div class=\"e-con-inner\">\n\t\t\t\t<div class=\"elementor-element elementor-element-573c7cdf elementor-widget__width-inherit elementor-widget elementor-widget-text-editor\" data-id=\"573c7cdf\" data-element_type=\"widget\" data-widget_type=\"text-editor.default\">\n\t\t\t\t\t\t\t\t\t<hr>\n<hr>\n<hr class=\"wp-block-separator alignfull has-alpha-channel-opacity\">\n<p><!-- \/wp:separator --><\/p>\n<p><!-- wp:columns {\"align\":\"full\"} --><\/p>\n<div class=\"wp-block-columns alignfull\">\n<p><!-- wp:column {\"width\":\"100%\"} --><\/p>\n<div class=\"wp-block-column\" style=\"flex-basis: 100%;\">\n<p><!-- wp:html --><\/p>\n<div id=\"cc-m-16612385496\" class=\"j-module n j-text \">\n<div id=\"cc-m-14229345796\" class=\"j-module n j-header \">\n<h2 id=\"cc-m-header-14229345796\" class=\"\"><span style=\"color: #000000;\">Trainingszeiten<\/span><\/h2>\n<\/div>\n<div id=\"cc-m-14229345896\" class=\"j-module n j-text \">\n<p><span style=\"color: #000000;\">Montag&nbsp; &nbsp; &nbsp; &nbsp; &nbsp; &nbsp; &nbsp; &nbsp; &nbsp; &nbsp;&nbsp; 18:00 &#8211; 19:30 Uhr<br><\/span><span style=\"color: #000000;\">Donnerstag&nbsp; &nbsp; &nbsp; &nbsp; &nbsp;&nbsp;&nbsp;&nbsp;&nbsp; 16:00 &#8211; 17:30 Uhr&nbsp; und<\/span><span style=\"color: #000000;\">&nbsp;18:00 &#8211; 19:30 Uhr<br><\/span><span style=\"color: #000000;\">Freitag (temp.)&nbsp; &nbsp; &nbsp; &nbsp; &nbsp;20:00 &#8211; 21:30 Uhr<br><\/span><span style=\"color: #000000;\">Sonntag (temp.) &nbsp;&nbsp;&nbsp;&nbsp; 10:00 &#8211; 12:00 Uhr<\/span><\/p>\n<div class=\"cc-m-hgrid-column last\">\n<div id=\"cc-matrix-4343994496\">\n<div id=\"cc-m-14229353596\" class=\"j-module n j-header \">\n<h2 id=\"cc-m-header-14229353596\" class=\"\"><span style=\"color: #000000;\">Trainingsort<\/span><\/h2>\n<\/div>\n<div id=\"cc-m-14229363796\" class=\"j-module n j-text \">\n<p><span style=\"color: #000000;\">Das Training findet im Bezirk Treptow-K\u00f6penick statt. Die Trainingsorte sind zweimal in K\u00f6penick und einmal in Rahnsdorf. Insgesamt stehen uns drei verschiedene Sporthallen zur Verf\u00fcgung.<\/span><\/p><\/div><\/div><\/div><\/div><\/div><\/div><p><span style=\"color: #000000;\"><!-- \/wp:column --><\/span><\/p>\n<\/div>\n<p><span style=\"color: #000000;\"><!-- \/wp:columns --><\/span><\/p>\n<p><!-- wp:separator {\"align\":\"full\"} --><\/p>\n<p><\/p>\n<div class=\"wp-block-media-text alignfull has-media-on-the-right is-stacked-on-mobile\" style=\"grid-template-columns: auto 33%;\">\n<div class=\"wp-block-media-text__content\">\n<p><span style=\"color: #000000;\"><!-- \/wp:paragraph --><\/span><\/p>\n<p><span style=\"color: #000000;\"><!-- \/wp:freeform --><\/span><\/p>\n<\/div>\n<\/div>\t\t\t\t\t\t\t\t<\/div>\n\t\t\t\t\t<\/div>\n\t\t\t\t<\/div>\n\t\t\t\t<\/div>\n\t\t","protected":false},"excerpt":{"rendered":"<p>Trainingszeiten Montag&nbsp; &nbsp; &nbsp; &nbsp; &nbsp; &nbsp; &nbsp; &nbsp; &nbsp; &nbsp;&nbsp; 18:00 &#8211; 19:30 UhrDonnerstag&nbsp; &nbsp; &nbsp; &nbsp;<\/p>\n","protected":false},"author":1,"featured_media":0,"parent":0,"menu_order":0,"comment_status":"closed","ping_status":"closed","template":"elementor_header_footer","meta":{"footnotes":""},"class_list":["post-485","page","type-page","status-publish","hentry"],"yoast_head":"<!-- This site is optimized with the Yoast SEO plugin v25.9 - https:\/\/yoast.com\/wordpress\/plugins\/seo\/ -->\n<title>Trainingszeiten\/Ort - taekwondo<\/title>\n<meta name=\"robots\" content=\"index, follow, max-snippet:-1, max-image-preview:large, max-video-preview:-1\" \/>\n<link rel=\"canonical\" href=\"https:\/\/taekwondo.ksv-ajax.berlin\/index.php\/trainingszeiten-ort\/\" \/>\n<meta property=\"og:locale\" content=\"de_DE\" \/>\n<meta property=\"og:type\" content=\"article\" \/>\n<meta property=\"og:title\" content=\"Trainingszeiten\/Ort - taekwondo\" \/>\n<meta property=\"og:description\" content=\"Trainingszeiten Montag&nbsp; &nbsp; &nbsp; &nbsp; &nbsp; &nbsp; &nbsp; &nbsp; &nbsp; &nbsp;&nbsp; 18:00 &#8211; 19:30 UhrDonnerstag&nbsp; &nbsp; &nbsp; &nbsp;\" \/>\n<meta property=\"og:url\" content=\"https:\/\/taekwondo.ksv-ajax.berlin\/index.php\/trainingszeiten-ort\/\" \/>\n<meta property=\"og:site_name\" content=\"taekwondo\" \/>\n<meta property=\"article:modified_time\" content=\"2025-09-14T15:49:52+00:00\" \/>\n<meta name=\"twitter:card\" content=\"summary_large_image\" \/>\n<script type=\"application\/ld+json\" class=\"yoast-schema-graph\">{\"@context\":\"https:\/\/schema.org\",\"@graph\":[{\"@type\":\"WebPage\",\"@id\":\"https:\/\/taekwondo.ksv-ajax.berlin\/index.php\/trainingszeiten-ort\/\",\"url\":\"https:\/\/taekwondo.ksv-ajax.berlin\/index.php\/trainingszeiten-ort\/\",\"name\":\"Trainingszeiten\/Ort - taekwondo\",\"isPartOf\":{\"@id\":\"https:\/\/taekwondo.ksv-ajax.berlin\/#website\"},\"datePublished\":\"2025-09-14T15:48:20+00:00\",\"dateModified\":\"2025-09-14T15:49:52+00:00\",\"breadcrumb\":{\"@id\":\"https:\/\/taekwondo.ksv-ajax.berlin\/index.php\/trainingszeiten-ort\/#breadcrumb\"},\"inLanguage\":\"de\",\"potentialAction\":[{\"@type\":\"ReadAction\",\"target\":[\"https:\/\/taekwondo.ksv-ajax.berlin\/index.php\/trainingszeiten-ort\/\"]}]},{\"@type\":\"BreadcrumbList\",\"@id\":\"https:\/\/taekwondo.ksv-ajax.berlin\/index.php\/trainingszeiten-ort\/#breadcrumb\",\"itemListElement\":[{\"@type\":\"ListItem\",\"position\":1,\"name\":\"Startseite\",\"item\":\"https:\/\/taekwondo.ksv-ajax.berlin\/\"},{\"@type\":\"ListItem\",\"position\":2,\"name\":\"Trainingszeiten\/Ort\"}]},{\"@type\":\"WebSite\",\"@id\":\"https:\/\/taekwondo.ksv-ajax.berlin\/#website\",\"url\":\"https:\/\/taekwondo.ksv-ajax.berlin\/\",\"name\":\"taekwondo\",\"description\":\"\",\"publisher\":{\"@id\":\"https:\/\/taekwondo.ksv-ajax.berlin\/#organization\"},\"inLanguage\":\"de\"},{\"@type\":\"Organization\",\"@id\":\"https:\/\/taekwondo.ksv-ajax.berlin\/#organization\",\"name\":\"taekwondo\",\"url\":\"https:\/\/taekwondo.ksv-ajax.berlin\/\",\"logo\":{\"@type\":\"ImageObject\",\"inLanguage\":\"de\",\"@id\":\"https:\/\/taekwondo.ksv-ajax.berlin\/#\/schema\/logo\/image\/\",\"url\":\"https:\/\/taekwondo.ksv-ajax.berlin\/wp-content\/uploads\/2025\/09\/cropped-cropped-headerlogo.png\",\"contentUrl\":\"https:\/\/taekwondo.ksv-ajax.berlin\/wp-content\/uploads\/2025\/09\/cropped-cropped-headerlogo.png\",\"width\":1378,\"height\":179,\"caption\":\"taekwondo\"},\"image\":{\"@id\":\"https:\/\/taekwondo.ksv-ajax.berlin\/#\/schema\/logo\/image\/\"}}]}<\/script>\n<!-- \/ Yoast SEO plugin. -->","yoast_head_json":{"title":"Trainingszeiten\/Ort - taekwondo","robots":{"index":"index","follow":"follow","max-snippet":"max-snippet:-1","max-image-preview":"max-image-preview:large","max-video-preview":"max-video-preview:-1"},"canonical":"https:\/\/taekwondo.ksv-ajax.berlin\/index.php\/trainingszeiten-ort\/","og_locale":"de_DE","og_type":"article","og_title":"Trainingszeiten\/Ort - taekwondo","og_description":"Trainingszeiten Montag&nbsp; &nbsp; &nbsp; &nbsp; &nbsp; &nbsp; &nbsp; &nbsp; &nbsp; &nbsp;&nbsp; 18:00 &#8211; 19:30 UhrDonnerstag&nbsp; &nbsp; &nbsp; &nbsp;","og_url":"https:\/\/taekwondo.ksv-ajax.berlin\/index.php\/trainingszeiten-ort\/","og_site_name":"taekwondo","article_modified_time":"2025-09-14T15:49:52+00:00","twitter_card":"summary_large_image","schema":{"@context":"https:\/\/schema.org","@graph":[{"@type":"WebPage","@id":"https:\/\/taekwondo.ksv-ajax.berlin\/index.php\/trainingszeiten-ort\/","url":"https:\/\/taekwondo.ksv-ajax.berlin\/index.php\/trainingszeiten-ort\/","name":"Trainingszeiten\/Ort - taekwondo","isPartOf":{"@id":"https:\/\/taekwondo.ksv-ajax.berlin\/#website"},"datePublished":"2025-09-14T15:48:20+00:00","dateModified":"2025-09-14T15:49:52+00:00","breadcrumb":{"@id":"https:\/\/taekwondo.ksv-ajax.berlin\/index.php\/trainingszeiten-ort\/#breadcrumb"},"inLanguage":"de","potentialAction":[{"@type":"ReadAction","target":["https:\/\/taekwondo.ksv-ajax.berlin\/index.php\/trainingszeiten-ort\/"]}]},{"@type":"BreadcrumbList","@id":"https:\/\/taekwondo.ksv-ajax.berlin\/index.php\/trainingszeiten-ort\/#breadcrumb","itemListElement":[{"@type":"ListItem","position":1,"name":"Startseite","item":"https:\/\/taekwondo.ksv-ajax.berlin\/"},{"@type":"ListItem","position":2,"name":"Trainingszeiten\/Ort"}]},{"@type":"WebSite","@id":"https:\/\/taekwondo.ksv-ajax.berlin\/#website","url":"https:\/\/taekwondo.ksv-ajax.berlin\/","name":"taekwondo","description":"","publisher":{"@id":"https:\/\/taekwondo.ksv-ajax.berlin\/#organization"},"inLanguage":"de"},{"@type":"Organization","@id":"https:\/\/taekwondo.ksv-ajax.berlin\/#organization","name":"taekwondo","url":"https:\/\/taekwondo.ksv-ajax.berlin\/","logo":{"@type":"ImageObject","inLanguage":"de","@id":"https:\/\/taekwondo.ksv-ajax.berlin\/#\/schema\/logo\/image\/","url":"https:\/\/taekwondo.ksv-ajax.berlin\/wp-content\/uploads\/2025\/09\/cropped-cropped-headerlogo.png","contentUrl":"https:\/\/taekwondo.ksv-ajax.berlin\/wp-content\/uploads\/2025\/09\/cropped-cropped-headerlogo.png","width":1378,"height":179,"caption":"taekwondo"},"image":{"@id":"https:\/\/taekwondo.ksv-ajax.berlin\/#\/schema\/logo\/image\/"}}]}},"jetpack_sharing_enabled":true,"_links":{"self":[{"href":"https:\/\/taekwondo.ksv-ajax.berlin\/index.php\/wp-json\/wp\/v2\/pages\/485","targetHints":{"allow":["GET"]}}],"collection":[{"href":"https:\/\/taekwondo.ksv-ajax.berlin\/index.php\/wp-json\/wp\/v2\/pages"}],"about":[{"href":"https:\/\/taekwondo.ksv-ajax.berlin\/index.php\/wp-json\/wp\/v2\/types\/page"}],"author":[{"embeddable":true,"href":"https:\/\/taekwondo.ksv-ajax.berlin\/index.php\/wp-json\/wp\/v2\/users\/1"}],"replies":[{"embeddable":true,"href":"https:\/\/taekwondo.ksv-ajax.berlin\/index.php\/wp-json\/wp\/v2\/comments?post=485"}],"version-history":[{"count":7,"href":"https:\/\/taekwondo.ksv-ajax.berlin\/index.php\/wp-json\/wp\/v2\/pages\/485\/revisions"}],"predecessor-version":[{"id":493,"href":"https:\/\/taekwondo.ksv-ajax.berlin\/index.php\/wp-json\/wp\/v2\/pages\/485\/revisions\/493"}],"wp:attachment":[{"href":"https:\/\/taekwondo.ksv-ajax.berlin\/index.php\/wp-json\/wp\/v2\/media?parent=485"}],"curies":[{"name":"wp","href":"https:\/\/api.w.org\/{rel}","templated":true}]}}