{"id":518,"date":"2025-09-14T18:22:53","date_gmt":"2025-09-14T16:22:53","guid":{"rendered":"https:\/\/taekwondo.ksv-ajax.berlin\/?page_id=518"},"modified":"2025-09-14T18:37:12","modified_gmt":"2025-09-14T16:37:12","slug":"partner-links","status":"publish","type":"page","link":"https:\/\/taekwondo.ksv-ajax.berlin\/index.php\/partner-links\/","title":{"rendered":"Partner &#038; Links"},"content":{"rendered":"\t\t<div data-elementor-type=\"wp-page\" data-elementor-id=\"518\" class=\"elementor elementor-518\">\n\t\t\t\t<div class=\"elementor-element elementor-element-5d607b92 e-flex e-con-boxed e-con e-parent\" data-id=\"5d607b92\" data-element_type=\"container\">\n\t\t\t\t\t<div class=\"e-con-inner\">\n\t\t\t\t<div class=\"elementor-element elementor-element-573c7cdf elementor-widget__width-inherit elementor-widget elementor-widget-text-editor\" data-id=\"573c7cdf\" data-element_type=\"widget\" data-widget_type=\"text-editor.default\">\n\t\t\t\t\t\t\t\t\t<hr \/><hr \/><hr class=\"wp-block-separator alignfull has-alpha-channel-opacity\" \/>\n<p><!-- \/wp:separator --><\/p>\n<p><!-- wp:columns {\"align\":\"full\"} --><\/p>\n<div class=\"wp-block-columns alignfull\">\n<p><!-- wp:column {\"width\":\"100%\"} --><\/p>\n<div class=\"wp-block-column\" style=\"flex-basis: 100%;\">\n<p><!-- wp:html --><\/p>\n<div id=\"cc-m-16612385496\" class=\"j-module n j-text \">\n<div id=\"cc-m-14229345796\" class=\"j-module n j-header \">\u00a0<\/div>\n<\/div>\n<\/div>\n<\/div>\n<div id=\"cc-m-14229342296\" class=\"j-module n j-hgrid \">\n<div class=\"cc-m-hgrid-column\">\n<div id=\"cc-matrix-4343992796\">\n<div id=\"cc-m-16075742896\" class=\"j-module n j-header \">\n<h1 id=\"cc-m-header-16075714896\" class=\"\" style=\"text-align: center;\"><span style=\"color: #000000;\">Link-\u00dcbersicht<\/span><\/h1>\n<\/div>\n<\/div>\n<\/div>\n<div class=\"cc-m-hgrid-column last\">\n<div id=\"cc-matrix-4343992896\">\n<div id=\"cc-m-16075724996\" class=\"j-module n j-hr \"><hr \/><\/div>\n<div id=\"cc-m-16075715196\" class=\"j-module n j-text \">\n<p><a title=\"ksv-ajax.berlin\" href=\"https:\/\/ksv-ajax.berlin\/\" target=\"_blank\" rel=\"noopener\">Ajax Neptun Berlin 1879 e.V.<\/a><\/p>\n<p><a title=\"www.ito-martialarts.jimdo.com\" href=\"http:\/\/www.ito-martialarts.jimdo.com\/\" target=\"_blank\" rel=\"noopener\">ITO (Independent Taekwondo Organisation)<\/a><\/p>\n<p><a title=\"www.kampfsport-rhoden.jimdo.com\" href=\"http:\/\/www.kampfsport-rhoden.jimdo.com\/\" target=\"_blank\" rel=\"noopener\">TeukGong MooSool Selbstverteidigung<\/a><\/p>\n<p><a title=\"www.scorpionfighter.jimdo.com\" href=\"http:\/\/www.scorpionfighter.jimdo.com\/\" target=\"_blank\" rel=\"noopener\">Scorpionfighters Storkow<\/a><\/p>\n<\/div>\n<\/div>\n<\/div>\n<div class=\"cc-m-hgrid-overlay\" data-display=\"cms-only\">\u00a0<\/div>\n<\/div>\n<div id=\"cc-m-16075710296\" class=\"j-module n j-spacing \">\n<div class=\"cc-m-spacer\">\u00a0<\/div>\n<\/div>\n<div id=\"cc-m-16075725096\" class=\"j-module n j-hr \"><hr \/><\/div>\n<div id=\"cc-m-16075726396\" class=\"j-module n j-hgrid \">\n<div class=\"cc-m-hgrid-column\">\n<div id=\"cc-matrix-4993059296\">\n<div id=\"cc-m-16075726596\" class=\"j-module n j-header \">\n<div class=\"cc-m-hgrid-column\">\n<div id=\"cc-matrix-4343992796\">\n<div id=\"cc-m-16075742896\" class=\"j-module n j-header \">\n<h1 id=\"cc-m-header-16075742896\" class=\"\" style=\"text-align: center;\"><span style=\"color: #000000;\">Ajax Neptun Berlin 1879 e.V.<\/span><\/h1>\n<\/div>\n<div id=\"cc-m-14229342796\" class=\"j-module n j-gallery \">\n<div id=\"cc-m-gallery-14229342796\" class=\"cc-m-gallery-container cc-m-gallery-cool clearover\">\n<div id=\"gallery_thumb_8654693796\" class=\"cc-m-gallery-cool-item\">\n<div><span style=\"color: #000000;\"><img decoding=\"async\" class=\"aligncenter\" src=\"https:\/\/image.jimcdn.com\/app\/cms\/image\/transf\/none\/path\/s0f90eba13020a4e8\/image\/ic4703ae793676471\/version\/1487903851\/image.png\" alt=\"\" data-orig-width=\"154\" data-orig-height=\"154\" \/><\/span><\/div>\n<\/div>\n<\/div>\n<\/div>\n<\/div>\n<\/div>\n<div class=\"cc-m-hgrid-separator\" data-display=\"cms-only\">\n<div>\u00a0<\/div>\n<\/div>\n<div class=\"cc-m-hgrid-column last\">\n<div id=\"cc-matrix-4343992896\">\n<div id=\"cc-m-16075714896\" class=\"j-module n j-header \">\u00a0<\/div>\n<div id=\"cc-m-16075724996\" class=\"j-module n j-hr \">\u00a0<\/div>\n<\/div>\n<\/div>\n<h1 id=\"cc-m-header-16075726596\" class=\"\" style=\"text-align: center;\"><span style=\"color: #000000;\">ITO &#8211; Independent Taekwondo Organisation<\/span><\/h1>\n<\/div>\n<div id=\"cc-m-16075726696\" class=\"j-module n j-text \">\n<p style=\"padding-left: 280px;\"><span style=\"color: #000000;\">Wir sind Mitglied der ITO, einem bekannten Taekwondo-Verband in Deutschland.<\/span><\/p>\n<p style=\"padding-left: 280px;\">\u00a0<\/p>\n<p style=\"padding-left: 120px;\"><span style=\"color: #000000;\">Meister W. Kiepsch, welcher das Training leitet ist f\u00fcr die ITO Landespr\u00fcfer der Bundesl\u00e4nder Berlin und Brandenburg. <br \/>Pr\u00fcfungen werden bis zum 2. Dan abgenommen.<\/span><\/p>\n<p style=\"padding-left: 120px;\">\u00a0<\/p>\n<p style=\"padding-left: 120px;\"><span style=\"color: #000000;\">Kosten:<br \/><\/span><span style=\"color: #000000;\">Kup-Pr\u00fcfung: 15\u20ac<br \/><\/span><span style=\"color: #000000;\">Dan-Pr\u00fcfung: 50\u20ac<br \/><\/span><span style=\"color: #000000;\">ITO-Ausweis f\u00fcr die Mitgliedschaft: 10\u20ac + 3\u20ac j\u00e4hrlicher Beitrag<\/span><\/p>\n<p>&nbsp;<\/p>\n<p style=\"padding-left: 120px;\"><span style=\"color: #000000;\">Der ITO-Ausweis erm\u00f6glicht die Teilnahme an den meisten Wettk\u00e4mpfen im Taekwondo auf nationaler <br \/>und internationaler Ebene und ist dementsprechend obligatorisch.<\/span><\/p>\n<p style=\"padding-left: 120px;\">\u00a0<\/p>\n<p style=\"text-align: center;\"><span style=\"color: #000000;\">Information f\u00fcr andere Taekwondo-Vereine und Abteilungen in Berlin und Brandenburg:<\/span><\/p>\n<p style=\"padding-left: 120px;\"><span style=\"color: #000000;\">Falls Sie Interesse an der Mitgliedschaft in der ITO haben, wenden Sie sich bitte an Wolfgang Kiepsch.<\/span><\/p>\n<p style=\"padding-left: 120px;\"><span style=\"color: #000000;\">Grunds\u00e4tzlich gilt: Die ITO ist dem Sport, nicht dem Geld verschrieben. Wir arbeiten mehrheitlich ehrenamtlich <br \/>und ohne aufgeblasene Wasserkopfgremien.<\/span><\/p>\n<p style=\"padding-left: 120px;\">\u00a0<\/p>\n<\/div>\n<\/div>\n<\/div>\n<div class=\"cc-m-hgrid-separator\" data-display=\"cms-only\">\n<div>\u00a0<\/div>\n<\/div>\n<div class=\"cc-m-hgrid-column last\">\n<div id=\"cc-matrix-4993059396\">\n<div id=\"cc-m-16075726796\" class=\"j-module n j-imageSubtitle \">\n<figure class=\"cc-imagewrapper cc-m-image-align-3\"><span style=\"color: #000000;\"><a style=\"color: #000000;\" rel=\"lightbox\" data-href=\"https:\/\/image.jimcdn.com\/app\/cms\/image\/transf\/dimension=origxorig:format=jpg\/path\/s0f90eba13020a4e8\/image\/i0449224bd1b9ffd8\/version\/1529356950\/image.jpg\" data-index=\"0\"><img decoding=\"async\" id=\"cc-m-imagesubtitle-image-16075726796\" class=\"aligncenter\" src=\"https:\/\/image.jimcdn.com\/app\/cms\/image\/transf\/dimension=321x10000:format=jpg\/path\/s0f90eba13020a4e8\/image\/i0449224bd1b9ffd8\/version\/1529356950\/image.jpg\" sizes=\"(min-width: 321px) 321px, 100vw\" srcset=\"https:\/\/image.jimcdn.com\/app\/cms\/image\/transf\/dimension=320x10000:format=jpg\/path\/s0f90eba13020a4e8\/image\/i0449224bd1b9ffd8\/version\/1529356950\/image.jpg 320w, https:\/\/image.jimcdn.com\/app\/cms\/image\/transf\/dimension=321x10000:format=jpg\/path\/s0f90eba13020a4e8\/image\/i0449224bd1b9ffd8\/version\/1529356950\/image.jpg 321w, https:\/\/image.jimcdn.com\/app\/cms\/image\/transf\/dimension=640x10000:format=jpg\/path\/s0f90eba13020a4e8\/image\/i0449224bd1b9ffd8\/version\/1529356950\/image.jpg 640w, https:\/\/image.jimcdn.com\/app\/cms\/image\/transf\/dimension=642x10000:format=jpg\/path\/s0f90eba13020a4e8\/image\/i0449224bd1b9ffd8\/version\/1529356950\/image.jpg 642w\" alt=\"\" data-src-width=\"1101\" data-src-height=\"1280\" data-src=\"https:\/\/image.jimcdn.com\/app\/cms\/image\/transf\/dimension=321x10000:format=jpg\/path\/s0f90eba13020a4e8\/image\/i0449224bd1b9ffd8\/version\/1529356950\/image.jpg\" data-image-id=\"9374898896\" \/><\/a><\/span><\/figure>\n<div class=\"cc-clear\">\u00a0<\/div>\n<\/div>\n<\/div>\n<\/div>\n<\/div>\n<div id=\"cc-m-16075743396\" class=\"j-module n j-hgrid \">\n<div class=\"cc-m-hgrid-column\">\n<div id=\"cc-matrix-4993068396\">\u00a0<\/div>\n<\/div>\n<div class=\"cc-m-hgrid-overlay\" data-display=\"cms-only\">\u00a0<\/div>\n<\/div>\n<div id=\"cc-m-16075744696\" class=\"j-module n j-hr \"><hr \/><\/div>\n<div id=\"cc-m-16075750896\" class=\"j-module n j-hgrid \">\n<div class=\"cc-m-hgrid-column\">\n<div id=\"cc-matrix-4993071396\">\n<div id=\"cc-m-16075763096\" class=\"j-module n j-imageSubtitle \">\n<figure class=\"cc-imagewrapper cc-m-image-align-1\"><span style=\"color: #000000;\"><img decoding=\"async\" id=\"cc-m-imagesubtitle-image-16075763096\" class=\"aligncenter\" src=\"https:\/\/image.jimcdn.com\/app\/cms\/image\/transf\/none\/path\/s0f90eba13020a4e8\/image\/i93aea56a09489393\/version\/1529358567\/image.jpg\" sizes=\"(min-width: 255px) 255px, 100vw\" srcset=\"https:\/\/image.jimcdn.com\/app\/cms\/image\/transf\/none\/path\/s0f90eba13020a4e8\/image\/i93aea56a09489393\/version\/1529358567\/image.jpg 255w\" alt=\"\" data-src-width=\"255\" data-src-height=\"167\" data-src=\"https:\/\/image.jimcdn.com\/app\/cms\/image\/transf\/none\/path\/s0f90eba13020a4e8\/image\/i93aea56a09489393\/version\/1529358567\/image.jpg\" data-image-id=\"9374913996\" \/><\/span><\/figure>\n<div class=\"cc-clear\">\u00a0<\/div>\n<\/div>\n<\/div>\n<\/div>\n<div class=\"cc-m-hgrid-separator\" data-display=\"cms-only\">\n<div style=\"text-align: center;\">\u00a0<\/div>\n<\/div>\n<div class=\"cc-m-hgrid-column last\">\n<div id=\"cc-matrix-4993071496\">\n<div id=\"cc-m-16075751196\" class=\"j-module n j-header \" style=\"text-align: center;\">\n<h1 id=\"cc-m-header-16075751196\" class=\"\"><span style=\"color: #000000;\">TeukGong MooSool<\/span><\/h1>\n<\/div>\n<div id=\"cc-m-16075751396\" class=\"j-module n j-text \">\n<p style=\"text-align: center;\"><span style=\"color: #000000;\">In Kooperation mit der ITO bieten wir Seminare im TeukGong MooSool an (Videos dazu finden Sie auf Youtube.)<\/span><span style=\"text-align: start;\">\u00a0<\/span><\/p>\n<p style=\"text-align: center;\"><span style=\"color: #000000;\">Hierbei handelt es sich um spezielle Selbstverteidigungsformen.<\/span><\/p>\n<p style=\"text-align: center;\">\u00a0<\/p>\n<p style=\"text-align: center;\"><span style=\"color: #000000;\">Hierf\u00fcr k\u00f6nnen Sie sich auch ohne dauerhafte Mitgliedschaft in unserem Verein anmelden.\u00a0<\/span><\/p>\n<\/div>\n<\/div>\n<\/div>\n<\/div>\n<div id=\"cc-m-16075743196\" class=\"j-module n j-hr \"><hr \/><\/div>\n<div id=\"cc-m-16075709996\" class=\"j-module n j-spacing \">\u00a0<\/div>\n<div class=\"wp-block-media-text alignfull has-media-on-the-right is-stacked-on-mobile\" style=\"grid-template-columns: auto 33%;\">\n<div class=\"wp-block-media-text__content\">\n<p><span style=\"color: #000000;\"><!-- \/wp:paragraph --><\/span><\/p>\n<p><span style=\"color: #000000;\"><!-- \/wp:freeform --><\/span><\/p>\n<\/div>\n<\/div>\t\t\t\t\t\t\t\t<\/div>\n\t\t\t\t\t<\/div>\n\t\t\t\t<\/div>\n\t\t\t\t<\/div>\n\t\t","protected":false},"excerpt":{"rendered":"<p>\u00a0 Link-\u00dcbersicht Ajax Neptun Berlin 1879 e.V. ITO (Independent Taekwondo Organisation) TeukGong MooSool Selbstverteidigung Scorpionfighters Storkow \u00a0 \u00a0<\/p>\n","protected":false},"author":1,"featured_media":0,"parent":0,"menu_order":0,"comment_status":"closed","ping_status":"closed","template":"elementor_header_footer","meta":{"footnotes":""},"class_list":["post-518","page","type-page","status-publish","hentry"],"yoast_head":"<!-- This site is optimized with the Yoast SEO plugin v25.9 - https:\/\/yoast.com\/wordpress\/plugins\/seo\/ -->\n<title>Partner &amp; Links - taekwondo<\/title>\n<meta name=\"robots\" content=\"index, follow, max-snippet:-1, max-image-preview:large, max-video-preview:-1\" \/>\n<link rel=\"canonical\" href=\"https:\/\/taekwondo.ksv-ajax.berlin\/index.php\/partner-links\/\" \/>\n<meta property=\"og:locale\" content=\"de_DE\" \/>\n<meta property=\"og:type\" content=\"article\" \/>\n<meta property=\"og:title\" content=\"Partner &amp; Links - taekwondo\" \/>\n<meta property=\"og:description\" content=\"\u00a0 Link-\u00dcbersicht Ajax Neptun Berlin 1879 e.V. ITO (Independent Taekwondo Organisation) TeukGong MooSool Selbstverteidigung Scorpionfighters Storkow \u00a0 \u00a0\" \/>\n<meta property=\"og:url\" content=\"https:\/\/taekwondo.ksv-ajax.berlin\/index.php\/partner-links\/\" \/>\n<meta property=\"og:site_name\" content=\"taekwondo\" \/>\n<meta property=\"article:modified_time\" content=\"2025-09-14T16:37:12+00:00\" \/>\n<meta property=\"og:image\" content=\"https:\/\/image.jimcdn.com\/app\/cms\/image\/transf\/none\/path\/s0f90eba13020a4e8\/image\/ic4703ae793676471\/version\/1487903851\/image.png\" \/>\n<meta name=\"twitter:card\" content=\"summary_large_image\" \/>\n<script type=\"application\/ld+json\" class=\"yoast-schema-graph\">{\"@context\":\"https:\/\/schema.org\",\"@graph\":[{\"@type\":\"WebPage\",\"@id\":\"https:\/\/taekwondo.ksv-ajax.berlin\/index.php\/partner-links\/\",\"url\":\"https:\/\/taekwondo.ksv-ajax.berlin\/index.php\/partner-links\/\",\"name\":\"Partner & Links - taekwondo\",\"isPartOf\":{\"@id\":\"https:\/\/taekwondo.ksv-ajax.berlin\/#website\"},\"primaryImageOfPage\":{\"@id\":\"https:\/\/taekwondo.ksv-ajax.berlin\/index.php\/partner-links\/#primaryimage\"},\"image\":{\"@id\":\"https:\/\/taekwondo.ksv-ajax.berlin\/index.php\/partner-links\/#primaryimage\"},\"thumbnailUrl\":\"https:\/\/image.jimcdn.com\/app\/cms\/image\/transf\/none\/path\/s0f90eba13020a4e8\/image\/ic4703ae793676471\/version\/1487903851\/image.png\",\"datePublished\":\"2025-09-14T16:22:53+00:00\",\"dateModified\":\"2025-09-14T16:37:12+00:00\",\"breadcrumb\":{\"@id\":\"https:\/\/taekwondo.ksv-ajax.berlin\/index.php\/partner-links\/#breadcrumb\"},\"inLanguage\":\"de\",\"potentialAction\":[{\"@type\":\"ReadAction\",\"target\":[\"https:\/\/taekwondo.ksv-ajax.berlin\/index.php\/partner-links\/\"]}]},{\"@type\":\"ImageObject\",\"inLanguage\":\"de\",\"@id\":\"https:\/\/taekwondo.ksv-ajax.berlin\/index.php\/partner-links\/#primaryimage\",\"url\":\"https:\/\/image.jimcdn.com\/app\/cms\/image\/transf\/none\/path\/s0f90eba13020a4e8\/image\/ic4703ae793676471\/version\/1487903851\/image.png\",\"contentUrl\":\"https:\/\/image.jimcdn.com\/app\/cms\/image\/transf\/none\/path\/s0f90eba13020a4e8\/image\/ic4703ae793676471\/version\/1487903851\/image.png\"},{\"@type\":\"BreadcrumbList\",\"@id\":\"https:\/\/taekwondo.ksv-ajax.berlin\/index.php\/partner-links\/#breadcrumb\",\"itemListElement\":[{\"@type\":\"ListItem\",\"position\":1,\"name\":\"Startseite\",\"item\":\"https:\/\/taekwondo.ksv-ajax.berlin\/\"},{\"@type\":\"ListItem\",\"position\":2,\"name\":\"Partner &#038; Links\"}]},{\"@type\":\"WebSite\",\"@id\":\"https:\/\/taekwondo.ksv-ajax.berlin\/#website\",\"url\":\"https:\/\/taekwondo.ksv-ajax.berlin\/\",\"name\":\"taekwondo\",\"description\":\"\",\"publisher\":{\"@id\":\"https:\/\/taekwondo.ksv-ajax.berlin\/#organization\"},\"inLanguage\":\"de\"},{\"@type\":\"Organization\",\"@id\":\"https:\/\/taekwondo.ksv-ajax.berlin\/#organization\",\"name\":\"taekwondo\",\"url\":\"https:\/\/taekwondo.ksv-ajax.berlin\/\",\"logo\":{\"@type\":\"ImageObject\",\"inLanguage\":\"de\",\"@id\":\"https:\/\/taekwondo.ksv-ajax.berlin\/#\/schema\/logo\/image\/\",\"url\":\"https:\/\/taekwondo.ksv-ajax.berlin\/wp-content\/uploads\/2025\/09\/cropped-cropped-headerlogo.png\",\"contentUrl\":\"https:\/\/taekwondo.ksv-ajax.berlin\/wp-content\/uploads\/2025\/09\/cropped-cropped-headerlogo.png\",\"width\":1378,\"height\":179,\"caption\":\"taekwondo\"},\"image\":{\"@id\":\"https:\/\/taekwondo.ksv-ajax.berlin\/#\/schema\/logo\/image\/\"}}]}<\/script>\n<!-- \/ Yoast SEO plugin. -->","yoast_head_json":{"title":"Partner & Links - taekwondo","robots":{"index":"index","follow":"follow","max-snippet":"max-snippet:-1","max-image-preview":"max-image-preview:large","max-video-preview":"max-video-preview:-1"},"canonical":"https:\/\/taekwondo.ksv-ajax.berlin\/index.php\/partner-links\/","og_locale":"de_DE","og_type":"article","og_title":"Partner & Links - taekwondo","og_description":"\u00a0 Link-\u00dcbersicht Ajax Neptun Berlin 1879 e.V. ITO (Independent Taekwondo Organisation) TeukGong MooSool Selbstverteidigung Scorpionfighters Storkow \u00a0 \u00a0","og_url":"https:\/\/taekwondo.ksv-ajax.berlin\/index.php\/partner-links\/","og_site_name":"taekwondo","article_modified_time":"2025-09-14T16:37:12+00:00","og_image":[{"url":"https:\/\/image.jimcdn.com\/app\/cms\/image\/transf\/none\/path\/s0f90eba13020a4e8\/image\/ic4703ae793676471\/version\/1487903851\/image.png","type":"","width":"","height":""}],"twitter_card":"summary_large_image","schema":{"@context":"https:\/\/schema.org","@graph":[{"@type":"WebPage","@id":"https:\/\/taekwondo.ksv-ajax.berlin\/index.php\/partner-links\/","url":"https:\/\/taekwondo.ksv-ajax.berlin\/index.php\/partner-links\/","name":"Partner & Links - taekwondo","isPartOf":{"@id":"https:\/\/taekwondo.ksv-ajax.berlin\/#website"},"primaryImageOfPage":{"@id":"https:\/\/taekwondo.ksv-ajax.berlin\/index.php\/partner-links\/#primaryimage"},"image":{"@id":"https:\/\/taekwondo.ksv-ajax.berlin\/index.php\/partner-links\/#primaryimage"},"thumbnailUrl":"https:\/\/image.jimcdn.com\/app\/cms\/image\/transf\/none\/path\/s0f90eba13020a4e8\/image\/ic4703ae793676471\/version\/1487903851\/image.png","datePublished":"2025-09-14T16:22:53+00:00","dateModified":"2025-09-14T16:37:12+00:00","breadcrumb":{"@id":"https:\/\/taekwondo.ksv-ajax.berlin\/index.php\/partner-links\/#breadcrumb"},"inLanguage":"de","potentialAction":[{"@type":"ReadAction","target":["https:\/\/taekwondo.ksv-ajax.berlin\/index.php\/partner-links\/"]}]},{"@type":"ImageObject","inLanguage":"de","@id":"https:\/\/taekwondo.ksv-ajax.berlin\/index.php\/partner-links\/#primaryimage","url":"https:\/\/image.jimcdn.com\/app\/cms\/image\/transf\/none\/path\/s0f90eba13020a4e8\/image\/ic4703ae793676471\/version\/1487903851\/image.png","contentUrl":"https:\/\/image.jimcdn.com\/app\/cms\/image\/transf\/none\/path\/s0f90eba13020a4e8\/image\/ic4703ae793676471\/version\/1487903851\/image.png"},{"@type":"BreadcrumbList","@id":"https:\/\/taekwondo.ksv-ajax.berlin\/index.php\/partner-links\/#breadcrumb","itemListElement":[{"@type":"ListItem","position":1,"name":"Startseite","item":"https:\/\/taekwondo.ksv-ajax.berlin\/"},{"@type":"ListItem","position":2,"name":"Partner &#038; Links"}]},{"@type":"WebSite","@id":"https:\/\/taekwondo.ksv-ajax.berlin\/#website","url":"https:\/\/taekwondo.ksv-ajax.berlin\/","name":"taekwondo","description":"","publisher":{"@id":"https:\/\/taekwondo.ksv-ajax.berlin\/#organization"},"inLanguage":"de"},{"@type":"Organization","@id":"https:\/\/taekwondo.ksv-ajax.berlin\/#organization","name":"taekwondo","url":"https:\/\/taekwondo.ksv-ajax.berlin\/","logo":{"@type":"ImageObject","inLanguage":"de","@id":"https:\/\/taekwondo.ksv-ajax.berlin\/#\/schema\/logo\/image\/","url":"https:\/\/taekwondo.ksv-ajax.berlin\/wp-content\/uploads\/2025\/09\/cropped-cropped-headerlogo.png","contentUrl":"https:\/\/taekwondo.ksv-ajax.berlin\/wp-content\/uploads\/2025\/09\/cropped-cropped-headerlogo.png","width":1378,"height":179,"caption":"taekwondo"},"image":{"@id":"https:\/\/taekwondo.ksv-ajax.berlin\/#\/schema\/logo\/image\/"}}]}},"jetpack_sharing_enabled":true,"_links":{"self":[{"href":"https:\/\/taekwondo.ksv-ajax.berlin\/index.php\/wp-json\/wp\/v2\/pages\/518","targetHints":{"allow":["GET"]}}],"collection":[{"href":"https:\/\/taekwondo.ksv-ajax.berlin\/index.php\/wp-json\/wp\/v2\/pages"}],"about":[{"href":"https:\/\/taekwondo.ksv-ajax.berlin\/index.php\/wp-json\/wp\/v2\/types\/page"}],"author":[{"embeddable":true,"href":"https:\/\/taekwondo.ksv-ajax.berlin\/index.php\/wp-json\/wp\/v2\/users\/1"}],"replies":[{"embeddable":true,"href":"https:\/\/taekwondo.ksv-ajax.berlin\/index.php\/wp-json\/wp\/v2\/comments?post=518"}],"version-history":[{"count":10,"href":"https:\/\/taekwondo.ksv-ajax.berlin\/index.php\/wp-json\/wp\/v2\/pages\/518\/revisions"}],"predecessor-version":[{"id":529,"href":"https:\/\/taekwondo.ksv-ajax.berlin\/index.php\/wp-json\/wp\/v2\/pages\/518\/revisions\/529"}],"wp:attachment":[{"href":"https:\/\/taekwondo.ksv-ajax.berlin\/index.php\/wp-json\/wp\/v2\/media?parent=518"}],"curies":[{"name":"wp","href":"https:\/\/api.w.org\/{rel}","templated":true}]}}